{"id":9796,"date":"2026-04-04T09:19:04","date_gmt":"2026-04-04T09:19:04","guid":{"rendered":"https:\/\/travellocal.com.tn\/?post_type=product&#038;p=9796"},"modified":"2026-04-12T20:34:30","modified_gmt":"2026-04-12T20:34:30","slug":"overnight-stay-in-tunisia-sahara-desert-safari","status":"publish","type":"product","link":"https:\/\/travellocal.com.tn\/fr\/produit\/overnight-stay-in-tunisia-sahara-desert-safari\/","title":{"rendered":"D\u00e9part de Tozeur : Nuit en Tunisie, Safari dans le d\u00e9sert du Sahara"},"content":{"rendered":"<h2>D\u00e9tails de la visite<\/h2>\n<p>Vivez une exp\u00e9rience inoubliable au lever et au coucher du soleil lors d'un safari priv\u00e9 d'une nuit sous les \u00e9toiles. Traversez la r\u00e9serve du d\u00e9sert de Douz et l'immense salar de Chott El Jerid. Explorez Douz, porte d'entr\u00e9e traditionnelle du Sahara, o\u00f9 march\u00e9s color\u00e9s et artisanat local vous attendent. Passez une nuit dans un campement de tentes haut de gamme et terminez votre aventure par un road trip panoramique \u00e0 la d\u00e9couverte de l'architecture unique du sud tunisien.<\/p>","protected":false},"excerpt":{"rendered":"<p>Visit details Experience the desert at sunrise and sunset with a private overnight safari beneath the stars. Traverse the Douz Desert Reserve and the vast Chott El Jerid salt flats. Explore Douz\u2014the traditional gateway to the Sahara\u2014where colorful markets and handmade crafts await. Spend a night in an upscale tented camp and finish with a [&hellip;]<\/p>\n","protected":false},"featured_media":9799,"comment_status":"open","ping_status":"closed","template":"","meta":[],"product_brand":[],"product_cat":[43],"product_tag":[],"class_list":{"0":"post-9796","1":"product","2":"type-product","3":"status-publish","4":"has-post-thumbnail","6":"product_cat-excursion","8":"first","9":"instock","10":"featured","11":"shipping-taxable","12":"purchasable","13":"product-type-ovabrw_car_rental"},"_links":{"self":[{"href":"https:\/\/travellocal.com.tn\/fr\/wp-json\/wp\/v2\/product\/9796","targetHints":{"allow":["GET"]}}],"collection":[{"href":"https:\/\/travellocal.com.tn\/fr\/wp-json\/wp\/v2\/product"}],"about":[{"href":"https:\/\/travellocal.com.tn\/fr\/wp-json\/wp\/v2\/types\/product"}],"replies":[{"embeddable":true,"href":"https:\/\/travellocal.com.tn\/fr\/wp-json\/wp\/v2\/comments?post=9796"}],"wp:featuredmedia":[{"embeddable":true,"href":"https:\/\/travellocal.com.tn\/fr\/wp-json\/wp\/v2\/media\/9799"}],"wp:attachment":[{"href":"https:\/\/travellocal.com.tn\/fr\/wp-json\/wp\/v2\/media?parent=9796"}],"wp:term":[{"taxonomy":"product_brand","embeddable":true,"href":"https:\/\/travellocal.com.tn\/fr\/wp-json\/wp\/v2\/product_brand?post=9796"},{"taxonomy":"product_cat","embeddable":true,"href":"https:\/\/travellocal.com.tn\/fr\/wp-json\/wp\/v2\/product_cat?post=9796"},{"taxonomy":"product_tag","embeddable":true,"href":"https:\/\/travellocal.com.tn\/fr\/wp-json\/wp\/v2\/product_tag?post=9796"}],"curies":[{"name":"wp","href":"https:\/\/api.w.org\/{rel}","templated":true}]}}