{"id":9786,"date":"2026-04-03T12:32:05","date_gmt":"2026-04-03T12:32:05","guid":{"rendered":"https:\/\/travellocal.com.tn\/?post_type=product&#038;p=9786"},"modified":"2026-04-12T20:40:59","modified_gmt":"2026-04-12T20:40:59","slug":"from-canyons-to-star-wars-a-full-day-adventure-in-tozeur","status":"publish","type":"product","link":"https:\/\/travellocal.com.tn\/fr\/produit\/from-canyons-to-star-wars-a-full-day-adventure-in-tozeur\/","title":{"rendered":"Des canyons \u00e0 Star Wars \u2013 une aventure d'une journ\u00e9e \u00e0 Tozeur"},"content":{"rendered":"<h4 data-start=\"359\" data-end=\"381\"><span role=\"text\"><strong data-start=\"364\" data-end=\"381\">D\u00e9tails de la visite<\/strong><\/span><\/h4>\n<p data-start=\"382\" data-end=\"641\" class=\"translation-block\">Explorez les paysages d\u00e9sertiques magiques du sud tunisien gr\u00e2ce \u00e0 cette exp\u00e9rience inoubliable d'une journ\u00e9e compl\u00e8te propos\u00e9e par <strong data-start=\"487\" data-end=\"510\">TravelLocal Tunisia<\/strong>. Ce voyage vous emm\u00e8ne \u00e0 travers des canyons spectaculaires, des oasis de montagne cach\u00e9es et les lieux de tournage l\u00e9gendaires de <strong data-start=\"598\" data-end=\"640\">Star Wars en Tunisie<\/strong>.<\/p>\n<p data-start=\"643\" data-end=\"890\">D\u00e9couvrez la beaut\u00e9 de Tozeur, Chebika, Tamerza et Mides \u00e0 votre rythme. Ce circuit priv\u00e9 en Tunisie est id\u00e9al pour les voyageurs amoureux de la nature, de la photographie et des paysages dignes d'un film. Chaque \u00e9tape offre un nouveau panorama, une nouvelle histoire et un souvenir inoubliable.<\/p>\n<h4 data-start=\"897\" data-end=\"916\"><span role=\"text\"><strong data-start=\"902\" data-end=\"916\">Points forts<\/strong><\/span><\/h4>\n<ul data-start=\"917\" data-end=\"1220\">\n<li data-section-id=\"ffugfj\" data-start=\"917\" data-end=\"980\">Explorez les canyons \u00e0 couper le souffle de Chebika, Tamerza et Mides<\/li>\n<li data-section-id=\"od73z9\" data-start=\"981\" data-end=\"1048\">Visitez les c\u00e9l\u00e8bres lieux de tournage de Star Wars dans le d\u00e9sert tunisien<\/li>\n<li data-section-id=\"1byyvqz\" data-start=\"1049\" data-end=\"1098\">D\u00e9couvrez des cascades cach\u00e9es et des oasis de montagne.<\/li>\n<li data-section-id=\"19ixlsr\" data-start=\"1099\" data-end=\"1147\">Capturez de superbes paysages panoramiques d\u00e9sertiques<\/li>\n<li data-section-id=\"uqyvcv\" data-start=\"1148\" data-end=\"1220\">Profitez d'une aventure priv\u00e9e et autonome flexible avec transport inclus<\/li>\n<\/ul>","protected":false},"excerpt":{"rendered":"<p>Visit Details Explore the magical desert landscapes of southern Tunisia with this unforgettable full-day experience by TravelLocal Tunisia. This journey takes you through dramatic canyons, hidden mountain oases, and legendary Star Wars filming locations in Tunisia. Discover the beauty of Tozeur, Chebika, Tamerza, and Mides at your own pace. This private tour in Tunisia is [&hellip;]<\/p>\n","protected":false},"featured_media":9787,"comment_status":"open","ping_status":"closed","template":"","meta":[],"product_brand":[],"product_cat":[48],"product_tag":[],"class_list":{"0":"post-9786","1":"product","2":"type-product","3":"status-publish","4":"has-post-thumbnail","6":"product_cat-tours","8":"first","9":"instock","10":"featured","11":"shipping-taxable","12":"purchasable","13":"product-type-ovabrw_car_rental"},"_links":{"self":[{"href":"https:\/\/travellocal.com.tn\/fr\/wp-json\/wp\/v2\/product\/9786","targetHints":{"allow":["GET"]}}],"collection":[{"href":"https:\/\/travellocal.com.tn\/fr\/wp-json\/wp\/v2\/product"}],"about":[{"href":"https:\/\/travellocal.com.tn\/fr\/wp-json\/wp\/v2\/types\/product"}],"replies":[{"embeddable":true,"href":"https:\/\/travellocal.com.tn\/fr\/wp-json\/wp\/v2\/comments?post=9786"}],"wp:featuredmedia":[{"embeddable":true,"href":"https:\/\/travellocal.com.tn\/fr\/wp-json\/wp\/v2\/media\/9787"}],"wp:attachment":[{"href":"https:\/\/travellocal.com.tn\/fr\/wp-json\/wp\/v2\/media?parent=9786"}],"wp:term":[{"taxonomy":"product_brand","embeddable":true,"href":"https:\/\/travellocal.com.tn\/fr\/wp-json\/wp\/v2\/product_brand?post=9786"},{"taxonomy":"product_cat","embeddable":true,"href":"https:\/\/travellocal.com.tn\/fr\/wp-json\/wp\/v2\/product_cat?post=9786"},{"taxonomy":"product_tag","embeddable":true,"href":"https:\/\/travellocal.com.tn\/fr\/wp-json\/wp\/v2\/product_tag?post=9786"}],"curies":[{"name":"wp","href":"https:\/\/api.w.org\/{rel}","templated":true}]}}