{"id":9780,"date":"2026-04-03T12:20:39","date_gmt":"2026-04-03T12:20:39","guid":{"rendered":"https:\/\/travellocal.com.tn\/?post_type=product&#038;p=9780"},"modified":"2026-04-12T20:38:27","modified_gmt":"2026-04-12T20:38:27","slug":"taste-tunis-by-night-a-flavorful-food-culture-experience","status":"publish","type":"product","link":"https:\/\/travellocal.com.tn\/fr\/produit\/taste-tunis-by-night-a-flavorful-food-culture-experience\/","title":{"rendered":"Go\u00fbtez Tunis by Night \u2013 Une Exp\u00e9rience Savoureuse de Nourriture et de Culture"},"content":{"rendered":"<h4 data-start=\"319\" data-end=\"341\"><span role=\"text\"><strong data-start=\"324\" data-end=\"341\">D\u00e9tails de la visite<\/strong><\/span><\/h4>\n<p data-start=\"342\" data-end=\"673\" class=\"translation-block\">D\u00e9couvrez les saveurs authentiques de la Tunisie apr\u00e8s le coucher du soleil gr\u00e2ce \u00e0 cette exp\u00e9rience culinaire unique propos\u00e9e par TravelLocal Tunisia. Ce voyage nocturne vous plonge au c\u0153ur de Tunis, o\u00f9 saveurs locales, cuisine de rue et culture s'animent. Id\u00e9al pour les voyageurs en qu\u00eate d'une exp\u00e9rience tunisienne authentique, loin des sentiers battus.<\/p>\n<p data-start=\"675\" data-end=\"906\">Fl\u00e2nez dans les rues anim\u00e9es et d\u00e9couvrez des p\u00e9pites culinaires m\u00e9connues. Cette excursion priv\u00e9e en Tunisie allie d\u00e9gustations savoureuses et anecdotes culturelles, offrant ainsi une exp\u00e9rience unique aux gourmets.<\/p>\n<h4 data-start=\"913\" data-end=\"932\"><span role=\"text\"><strong data-start=\"918\" data-end=\"932\">Points forts<\/strong><\/span><\/h4>\n<ul data-start=\"933\" data-end=\"1219\">\n<li data-section-id=\"1q7fp0i\" data-start=\"933\" data-end=\"996\">Go\u00fbtez \u00e0 l'authentique cuisine de rue tunisienne et aux plats traditionnels<\/li>\n<li data-section-id=\"1kwowm9\" data-start=\"997\" data-end=\"1060\">Explorez des lieux locaux cach\u00e9s et des restaurants hors des sentiers battus<\/li>\n<li data-section-id=\"xuwhq5\" data-start=\"1061\" data-end=\"1106\">D\u00e9couvrez la vie nocturne anim\u00e9e de Tunis<\/li>\n<li data-section-id=\"j0dzs2\" data-start=\"1107\" data-end=\"1165\">D\u00e9couvrez la cuisine tunisienne gr\u00e2ce \u00e0 un guide local expert.<\/li>\n<li data-section-id=\"dexolc\" data-start=\"1166\" data-end=\"1219\">Savourez un repas complet avec salade et dessert inclus.<\/li>\n<\/ul>","protected":false},"excerpt":{"rendered":"<p>Visit Details Explore the true taste of Tunisia after sunset with this exciting food experience by TravelLocal Tunisia. This nighttime journey takes you deep into the heart of Tunis, where local flavors, street food, and culture come alive. It is perfect for travelers who want to enjoy authentic Tunisia travel beyond typical tourist spots. Walk [&hellip;]<\/p>\n","protected":false},"featured_media":9782,"comment_status":"open","ping_status":"closed","template":"","meta":[],"product_brand":[],"product_cat":[43],"product_tag":[],"class_list":{"0":"post-9780","1":"product","2":"type-product","3":"status-publish","4":"has-post-thumbnail","6":"product_cat-excursion","8":"first","9":"instock","10":"featured","11":"shipping-taxable","12":"purchasable","13":"product-type-ovabrw_car_rental"},"_links":{"self":[{"href":"https:\/\/travellocal.com.tn\/fr\/wp-json\/wp\/v2\/product\/9780","targetHints":{"allow":["GET"]}}],"collection":[{"href":"https:\/\/travellocal.com.tn\/fr\/wp-json\/wp\/v2\/product"}],"about":[{"href":"https:\/\/travellocal.com.tn\/fr\/wp-json\/wp\/v2\/types\/product"}],"replies":[{"embeddable":true,"href":"https:\/\/travellocal.com.tn\/fr\/wp-json\/wp\/v2\/comments?post=9780"}],"wp:featuredmedia":[{"embeddable":true,"href":"https:\/\/travellocal.com.tn\/fr\/wp-json\/wp\/v2\/media\/9782"}],"wp:attachment":[{"href":"https:\/\/travellocal.com.tn\/fr\/wp-json\/wp\/v2\/media?parent=9780"}],"wp:term":[{"taxonomy":"product_brand","embeddable":true,"href":"https:\/\/travellocal.com.tn\/fr\/wp-json\/wp\/v2\/product_brand?post=9780"},{"taxonomy":"product_cat","embeddable":true,"href":"https:\/\/travellocal.com.tn\/fr\/wp-json\/wp\/v2\/product_cat?post=9780"},{"taxonomy":"product_tag","embeddable":true,"href":"https:\/\/travellocal.com.tn\/fr\/wp-json\/wp\/v2\/product_tag?post=9780"}],"curies":[{"name":"wp","href":"https:\/\/api.w.org\/{rel}","templated":true}]}}