{"id":9774,"date":"2026-04-03T12:01:59","date_gmt":"2026-04-03T12:01:59","guid":{"rendered":"https:\/\/travellocal.com.tn\/?post_type=product&#038;p=9774"},"modified":"2026-04-12T20:42:34","modified_gmt":"2026-04-12T20:42:34","slug":"taste-the-finest-wines-of-tunisia-in-a-private-half-day-escape","status":"publish","type":"product","link":"https:\/\/travellocal.com.tn\/fr\/produit\/taste-the-finest-wines-of-tunisia-in-a-private-half-day-escape\/","title":{"rendered":"Go\u00fbtez aux meilleurs vins de Tunisie dans une escapade priv\u00e9e d'une demi-journ\u00e9e"},"content":{"rendered":"<h4 data-start=\"344\" data-end=\"366\"><span role=\"text\"><strong data-start=\"349\" data-end=\"366\">D\u00e9tails de la visite<\/strong><\/span><\/h4>\n<p data-start=\"367\" data-end=\"690\" class=\"translation-block\">D\u00e9couvrez une autre facette de la Tunisie gr\u00e2ce \u00e0 cette \u00e9l\u00e9gante d\u00e9gustation de vins propos\u00e9e par TravelLocal Tunisia. Cette excursion priv\u00e9e d'une demi-journ\u00e9e vous emm\u00e8ne au c\u0153ur de la c\u00e9l\u00e8bre r\u00e9gion viticole tunisienne, o\u00f9 tradition et modernit\u00e9 se rencontrent. Elle est id\u00e9ale pour les voyageurs en qu\u00eate d'une exp\u00e9rience unique, au-del\u00e0 des circuits touristiques classiques en Tunisie.<\/p>\n<p data-start=\"692\" data-end=\"931\">Profitez d'une excursion relaxante au d\u00e9part de votre h\u00f4tel \u00e0 Tunis ou Hammamet. Ce circuit priv\u00e9 en Tunisie vous offre confort, paysages magnifiques et une exp\u00e9rience haut de gamme. Des promenades dans les vignes aux d\u00e9gustations de vins et de fromages, chaque instant sera pr\u00e9cieux et inoubliable.<\/p>\n<h4 data-start=\"938\" data-end=\"957\"><span role=\"text\"><strong data-start=\"943\" data-end=\"957\">Points forts<\/strong><\/span><\/h4>\n<ul data-start=\"958\" data-end=\"1234\">\n<li data-section-id=\"164znp5\" data-start=\"958\" data-end=\"1005\">D\u00e9gustez une s\u00e9lection de vins tunisiens de qualit\u00e9 sup\u00e9rieure.<\/li>\n<li data-section-id=\"u76034\" data-start=\"1006\" data-end=\"1051\">Savourez un d\u00e9licieux accord mets et vins.<\/li>\n<li data-section-id=\"1qyn1im\" data-start=\"1052\" data-end=\"1104\">Partez en randonn\u00e9e \u00e0 travers des vignobles pittoresques avec un guide local.<\/li>\n<li data-section-id=\"anu10o\" data-start=\"1105\" data-end=\"1168\">Visitez une cave \u00e0 vin traditionnelle et d\u00e9couvrez le processus de vieillissement.<\/li>\n<li data-section-id=\"uem3c3\" data-start=\"1169\" data-end=\"1234\">Transport priv\u00e9 confortable avec prise en charge et retour \u00e0 l'h\u00f4tel<\/li>\n<\/ul>","protected":false},"excerpt":{"rendered":"<p>Visit Details Discover a different side of Tunisia travel with this elegant wine tasting experience by TravelLocal Tunisia. This private half-day excursion takes you into the heart of Tunisia\u2019s famous wine region, where tradition meets modern taste. It is perfect for travelers who want something unique beyond classic Tunisia tours. Enjoy a relaxing journey from [&hellip;]<\/p>\n","protected":false},"featured_media":9778,"comment_status":"open","ping_status":"closed","template":"","meta":[],"product_brand":[],"product_cat":[43],"product_tag":[],"class_list":{"0":"post-9774","1":"product","2":"type-product","3":"status-publish","4":"has-post-thumbnail","6":"product_cat-excursion","8":"first","9":"instock","10":"featured","11":"shipping-taxable","12":"purchasable","13":"product-type-ovabrw_car_rental"},"_links":{"self":[{"href":"https:\/\/travellocal.com.tn\/fr\/wp-json\/wp\/v2\/product\/9774","targetHints":{"allow":["GET"]}}],"collection":[{"href":"https:\/\/travellocal.com.tn\/fr\/wp-json\/wp\/v2\/product"}],"about":[{"href":"https:\/\/travellocal.com.tn\/fr\/wp-json\/wp\/v2\/types\/product"}],"replies":[{"embeddable":true,"href":"https:\/\/travellocal.com.tn\/fr\/wp-json\/wp\/v2\/comments?post=9774"}],"wp:featuredmedia":[{"embeddable":true,"href":"https:\/\/travellocal.com.tn\/fr\/wp-json\/wp\/v2\/media\/9778"}],"wp:attachment":[{"href":"https:\/\/travellocal.com.tn\/fr\/wp-json\/wp\/v2\/media?parent=9774"}],"wp:term":[{"taxonomy":"product_brand","embeddable":true,"href":"https:\/\/travellocal.com.tn\/fr\/wp-json\/wp\/v2\/product_brand?post=9774"},{"taxonomy":"product_cat","embeddable":true,"href":"https:\/\/travellocal.com.tn\/fr\/wp-json\/wp\/v2\/product_cat?post=9774"},{"taxonomy":"product_tag","embeddable":true,"href":"https:\/\/travellocal.com.tn\/fr\/wp-json\/wp\/v2\/product_tag?post=9774"}],"curies":[{"name":"wp","href":"https:\/\/api.w.org\/{rel}","templated":true}]}}