{"id":9768,"date":"2026-04-03T11:40:04","date_gmt":"2026-04-03T11:40:04","guid":{"rendered":"https:\/\/travellocal.com.tn\/?post_type=product&#038;p=9768"},"modified":"2026-04-12T20:44:01","modified_gmt":"2026-04-12T20:44:01","slug":"carthage-tunis-medina-half-day-private-tour","status":"publish","type":"product","link":"https:\/\/travellocal.com.tn\/fr\/produit\/carthage-tunis-medina-half-day-private-tour\/","title":{"rendered":"Visite priv\u00e9e d'une demi-journ\u00e9e de Carthage et de la m\u00e9dina de Tunis"},"content":{"rendered":"<h4 data-start=\"489\" data-end=\"511\"><span role=\"text\"><strong data-start=\"494\" data-end=\"511\">D\u00e9tails de la visite<\/strong><\/span><\/h4>\n<p data-start=\"512\" data-end=\"780\" class=\"translation-block\">Plongez au c\u0153ur de l'histoire avec cette exp\u00e9rience inoubliable d'une demi-journ\u00e9e propos\u00e9e par TravelLocal Tunisia. Cette visite guid\u00e9e vous emm\u00e8ne \u00e0 la d\u00e9couverte de deux des sites UNESCO les plus embl\u00e9matiques de Tunisie. Elle est id\u00e9ale pour les voyageurs souhaitant explorer la culture, l'histoire et la vie locale en un temps record.<\/p>\n<p data-start=\"782\" data-end=\"1028\">Profitez d'un trajet tout confort depuis votre h\u00f4tel \u00e0 Tunis ou Hammamet. Cette excursion priv\u00e9e en Tunisie vous propose un rythme d\u00e9tendu, une attention personnalis\u00e9e et une immersion culturelle enrichissante. C'est le choix id\u00e9al pour ceux qui recherchent une d\u00e9couverte authentique de la Tunisie.<\/p>\n<h4 data-start=\"1035\" data-end=\"1054\"><span role=\"text\"><strong data-start=\"1040\" data-end=\"1054\">Points forts<\/strong><\/span><\/h4>\n<ul data-start=\"1055\" data-end=\"1394\">\n<li data-section-id=\"7d60hs\" data-start=\"1055\" data-end=\"1133\">Explorez les ruines antiques de Carthage, un site class\u00e9 au patrimoine mondial de l'UNESCO.<\/li>\n<li data-section-id=\"rkmtz5\" data-start=\"1134\" data-end=\"1220\">Fl\u00e2nez dans la m\u00e9dina anim\u00e9e de Tunis, avec ses march\u00e9s traditionnels et ses rues historiques.<\/li>\n<li data-section-id=\"1kdavwk\" data-start=\"1221\" data-end=\"1273\">Profitez d'une visite priv\u00e9e avec un guide local agr\u00e9\u00e9.<\/li>\n<li data-section-id=\"165pfk\" data-start=\"1274\" data-end=\"1336\">Voyagez confortablement gr\u00e2ce \u00e0 la prise en charge et au retour \u00e0 l'h\u00f4tel inclus.<\/li>\n<li data-section-id=\"tlg3ug\" data-start=\"1337\" data-end=\"1394\">Un m\u00e9lange parfait d'histoire, de culture et d'exp\u00e9rience locale<\/li>\n<\/ul>","protected":false},"excerpt":{"rendered":"<p>Visit Details Step into history with this unforgettable half-day experience by TravelLocal Tunisia. This guided journey takes you to two of the most iconic UNESCO sites in Tunisia. It is perfect for travelers who want to explore culture, history, and local life in a short time. Enjoy a smooth and comfortable ride from your hotel [&hellip;]<\/p>\n","protected":false},"featured_media":9772,"comment_status":"open","ping_status":"closed","template":"","meta":[],"product_brand":[],"product_cat":[43],"product_tag":[],"class_list":{"0":"post-9768","1":"product","2":"type-product","3":"status-publish","4":"has-post-thumbnail","6":"product_cat-excursion","8":"first","9":"instock","10":"featured","11":"shipping-taxable","12":"purchasable","13":"product-type-ovabrw_car_rental"},"_links":{"self":[{"href":"https:\/\/travellocal.com.tn\/fr\/wp-json\/wp\/v2\/product\/9768","targetHints":{"allow":["GET"]}}],"collection":[{"href":"https:\/\/travellocal.com.tn\/fr\/wp-json\/wp\/v2\/product"}],"about":[{"href":"https:\/\/travellocal.com.tn\/fr\/wp-json\/wp\/v2\/types\/product"}],"replies":[{"embeddable":true,"href":"https:\/\/travellocal.com.tn\/fr\/wp-json\/wp\/v2\/comments?post=9768"}],"wp:featuredmedia":[{"embeddable":true,"href":"https:\/\/travellocal.com.tn\/fr\/wp-json\/wp\/v2\/media\/9772"}],"wp:attachment":[{"href":"https:\/\/travellocal.com.tn\/fr\/wp-json\/wp\/v2\/media?parent=9768"}],"wp:term":[{"taxonomy":"product_brand","embeddable":true,"href":"https:\/\/travellocal.com.tn\/fr\/wp-json\/wp\/v2\/product_brand?post=9768"},{"taxonomy":"product_cat","embeddable":true,"href":"https:\/\/travellocal.com.tn\/fr\/wp-json\/wp\/v2\/product_cat?post=9768"},{"taxonomy":"product_tag","embeddable":true,"href":"https:\/\/travellocal.com.tn\/fr\/wp-json\/wp\/v2\/product_tag?post=9768"}],"curies":[{"name":"wp","href":"https:\/\/api.w.org\/{rel}","templated":true}]}}