{"id":5970,"date":"2023-04-13T03:50:08","date_gmt":"2023-04-13T03:50:08","guid":{"rendered":"https:\/\/travellocal.com.tn\/?post_type=product&#038;p=5970"},"modified":"2026-04-12T20:45:45","modified_gmt":"2026-04-12T20:45:45","slug":"private-day-trip-to-uthina-dougga","status":"publish","type":"product","link":"https:\/\/travellocal.com.tn\/fr\/produit\/private-day-trip-to-uthina-dougga\/","title":{"rendered":"Excursion priv\u00e9e d'une journ\u00e9e \u00e0 Uthina et Dougga"},"content":{"rendered":"<h2 data-section-id=\"ty9ec3\" data-start=\"219\" data-end=\"238\">D\u00e9tails de la visite<\/h2>\n<p data-start=\"240\" data-end=\"354\">D\u00e9couvrez le riche patrimoine romain de la Tunisie avec TravelLocal Tunisia lors d'une excursion priv\u00e9e d'une journ\u00e9e \u00e0 Uthina et Dougga.<\/p>\n<p data-start=\"356\" data-end=\"601\">Explorez Dougga, l'un des sites arch\u00e9ologiques romains les mieux pr\u00e9serv\u00e9s d'Afrique du Nord, nich\u00e9 dans un paysage naturel \u00e0 couper le souffle. Fl\u00e2nez parmi les temples antiques, les villas et les impressionnants complexes thermaux qui t\u00e9moignent de la grandeur de la civilisation romaine.<\/p>\n<p data-start=\"603\" data-end=\"855\">Poursuivez votre voyage jusqu'\u00e0 Uthina (Oudhna), o\u00f9 vous visiterez son remarquable amphith\u00e9\u00e2tre et admirerez les fascinants vestiges de la vie romaine, notamment de magnifiques mosa\u00efques. Ce circuit offre un parfait m\u00e9lange d'histoire, de culture et de paysages magnifiques.<\/p>\n<h2 data-section-id=\"16fphj9\" data-start=\"862\" data-end=\"880\">Points forts<\/h2>\n<ul data-start=\"882\" data-end=\"1177\">\n<li data-section-id=\"1ift3b1\" data-start=\"882\" data-end=\"949\">Explorez Dougga, le plus bel exemple du patrimoine romain en Tunisie<\/li>\n<li data-section-id=\"e59085\" data-start=\"950\" data-end=\"1000\">Profitez d'un d\u00e9licieux d\u00e9jeuner local pendant votre voyage.<\/li>\n<li data-section-id=\"ri56kj\" data-start=\"1001\" data-end=\"1060\">D\u00e9couvrez l'impressionnant amphith\u00e9\u00e2tre d'Uthina (Oudhna)<\/li>\n<li data-section-id=\"1fak6jg\" data-start=\"1061\" data-end=\"1112\">Visite priv\u00e9e avec un guide local expert<\/li>\n<li data-section-id=\"1esjbjc\" data-start=\"1113\" data-end=\"1177\">Prise en charge et retour pratiques \u00e0 votre h\u00f4tel \u00e0 Tunis ou Hammamet<\/li>\n<\/ul>","protected":false},"excerpt":{"rendered":"<p>Tour Details Discover the rich Roman heritage of Tunisia with TravelLocal Tunisia on a private day trip to Uthina and Dougga. Explore Dougga, one of the best-preserved Roman archaeological sites in North Africa, set in a breathtaking natural landscape. Walk through ancient temples, villas, and impressive bath complexes that reflect the grandeur of Roman civilization. [&hellip;]<\/p>\n","protected":false},"featured_media":9610,"comment_status":"open","ping_status":"closed","template":"","meta":[],"product_brand":[],"product_cat":[48],"product_tag":[],"class_list":{"0":"post-5970","1":"product","2":"type-product","3":"status-publish","4":"has-post-thumbnail","6":"product_cat-tours","8":"first","9":"instock","10":"featured","11":"shipping-taxable","12":"purchasable","13":"product-type-ovabrw_car_rental"},"_links":{"self":[{"href":"https:\/\/travellocal.com.tn\/fr\/wp-json\/wp\/v2\/product\/5970","targetHints":{"allow":["GET"]}}],"collection":[{"href":"https:\/\/travellocal.com.tn\/fr\/wp-json\/wp\/v2\/product"}],"about":[{"href":"https:\/\/travellocal.com.tn\/fr\/wp-json\/wp\/v2\/types\/product"}],"replies":[{"embeddable":true,"href":"https:\/\/travellocal.com.tn\/fr\/wp-json\/wp\/v2\/comments?post=5970"}],"wp:featuredmedia":[{"embeddable":true,"href":"https:\/\/travellocal.com.tn\/fr\/wp-json\/wp\/v2\/media\/9610"}],"wp:attachment":[{"href":"https:\/\/travellocal.com.tn\/fr\/wp-json\/wp\/v2\/media?parent=5970"}],"wp:term":[{"taxonomy":"product_brand","embeddable":true,"href":"https:\/\/travellocal.com.tn\/fr\/wp-json\/wp\/v2\/product_brand?post=5970"},{"taxonomy":"product_cat","embeddable":true,"href":"https:\/\/travellocal.com.tn\/fr\/wp-json\/wp\/v2\/product_cat?post=5970"},{"taxonomy":"product_tag","embeddable":true,"href":"https:\/\/travellocal.com.tn\/fr\/wp-json\/wp\/v2\/product_tag?post=5970"}],"curies":[{"name":"wp","href":"https:\/\/api.w.org\/{rel}","templated":true}]}}