{"id":4379,"date":"2022-08-09T02:48:36","date_gmt":"2022-08-09T02:48:36","guid":{"rendered":"https:\/\/travellocal.com.tn\/?post_type=product&#038;p=4379"},"modified":"2026-04-12T20:47:17","modified_gmt":"2026-04-12T20:47:17","slug":"full-day-tour-to-carthage-sidi-bou-said-bardo-museum-tunis-medina","status":"publish","type":"product","link":"https:\/\/travellocal.com.tn\/fr\/produit\/full-day-tour-to-carthage-sidi-bou-said-bardo-museum-tunis-medina\/","title":{"rendered":"Excursion d'une journ\u00e9e compl\u00e8te \u00e0 Carthage, Sidi Bou Said, mus\u00e9e du Bardo et m\u00e9dina de Tunis"},"content":{"rendered":"<h2 data-section-id=\"ys4t7q\" data-start=\"302\" data-end=\"323\">D\u00e9tails de la visite<\/h2>\n<p data-start=\"324\" data-end=\"454\" class=\"translation-block\">D\u00e9couvrez la riche histoire et la culture de la Tunisie avec <strong data-start=\"378\" data-end=\"401\">TravelLocal Tunisia<\/strong> lors de cette excursion guid\u00e9e d'une journ\u00e9e compl\u00e8te au d\u00e9part de Tunis ou Hammamet.<\/p>\n<p data-start=\"456\" data-end=\"684\" class=\"translation-block\">Explorez les ruines antiques de <strong data-start=\"485\" data-end=\"497\">Carthage<\/strong>, fl\u00e2nez dans le charmant village bleu et blanc de <strong data-start=\"553\" data-end=\"570\">Sidi Bou Said<\/strong>, visitez le c\u00e9l\u00e8bre <strong data-start=\"595\" data-end=\"611\">Mus\u00e9e du Bardo<\/strong> et d\u00e9couvrez l'atmosph\u00e8re vibrante de la <strong data-start=\"667\" data-end=\"683\">M\u00e9dina de Tunis<\/strong>.<\/p>\n<p data-start=\"686\" data-end=\"867\" class=\"translation-block\">Ce voyage de 8 heures vous permet de visiter <strong data-start=\"726\" data-end=\"772\">deux sites du patrimoine mondial de l'UNESCO en une journ\u00e9e<\/strong>, combinant histoire, culture et vues c\u00f4ti\u00e8res \u00e0 couper le souffle en une exp\u00e9rience inoubliable.<\/p>\n<h2 data-section-id=\"wemt3m\" data-start=\"874\" data-end=\"894\">Points forts de la tourn\u00e9e<\/h2>\n<ul data-start=\"896\" data-end=\"1556\">\n<li data-section-id=\"wpuih5\" data-start=\"896\" data-end=\"1002\" class=\"translation-block\">Mus\u00e9e du Bardo \u2013 Admirez l\u2019une des plus grandes collections au monde de mosa\u00efques romaines et d\u2019objets historiques.<\/li>\n<li data-section-id=\"1cuzyi1\" data-start=\"1003\" data-end=\"1117\"><strong data-start=\"1009\" data-end=\"1025\">Bardo Museum<\/strong> \u2013 Admire one of the world\u2019s largest collections of Roman mosaics and historical artifacts<\/li>\n<li data-section-id=\"23u27f\" data-start=\"1118\" data-end=\"1230\" class=\"translation-block\"><strong data-start=\"1123\" data-end=\"1148\">Village de Sidi Bou Sa\u00efd<\/strong> \u2013 Visitez ce village baln\u00e9aire embl\u00e9matique aux maisons bleues et blanches surplombant la M\u00e9diterran\u00e9e<\/li>\n<li data-section-id=\"oxte0\" data-start=\"1231\" data-end=\"1350\" class=\"translation-block\"><strong data-start=\"1237\" data-end=\"1269\">Exp\u00e9rience d\u00e9jeuner traditionnelle<\/strong> \u2013 Savourez un d\u00e9licieux repas dans un restaurant local \u00e0 La Goulette ou Sidi Bou Said<\/li>\n<li data-section-id=\"ko1p84\" data-start=\"1351\" data-end=\"1476\" class=\"translation-block\"><strong data-start=\"1357\" data-end=\"1386\">Visite \u00e0 pied de la m\u00e9dina de Tunis<\/strong> \u2013 Explorez la vieille ville avec un guide professionnel et d\u00e9couvrez les march\u00e9s et la culture locale.<\/li>\n<li data-section-id=\"1kh4y47\" data-start=\"1477\" data-end=\"1556\" class=\"translation-block\"><strong data-start=\"1482\" data-end=\"1507\">Transferts confortables<\/strong> \u2013 Profitez d'une prise en charge et d'un retour \u00e0 l'h\u00f4tel sans stress<\/li>\n<\/ul>","protected":false},"excerpt":{"rendered":"<ul>\n<li>It is almost impossible to read the news without coming across a lead story elections through fake social media accounts&#8230;<\/li>\n<\/ul>","protected":false},"featured_media":9626,"comment_status":"open","ping_status":"closed","template":"","meta":[],"product_brand":[],"product_cat":[48],"product_tag":[],"class_list":{"0":"post-4379","1":"product","2":"type-product","3":"status-publish","4":"has-post-thumbnail","6":"product_cat-tours","8":"first","9":"instock","10":"shipping-taxable","11":"purchasable","12":"product-type-ovabrw_car_rental"},"_links":{"self":[{"href":"https:\/\/travellocal.com.tn\/fr\/wp-json\/wp\/v2\/product\/4379","targetHints":{"allow":["GET"]}}],"collection":[{"href":"https:\/\/travellocal.com.tn\/fr\/wp-json\/wp\/v2\/product"}],"about":[{"href":"https:\/\/travellocal.com.tn\/fr\/wp-json\/wp\/v2\/types\/product"}],"replies":[{"embeddable":true,"href":"https:\/\/travellocal.com.tn\/fr\/wp-json\/wp\/v2\/comments?post=4379"}],"wp:featuredmedia":[{"embeddable":true,"href":"https:\/\/travellocal.com.tn\/fr\/wp-json\/wp\/v2\/media\/9626"}],"wp:attachment":[{"href":"https:\/\/travellocal.com.tn\/fr\/wp-json\/wp\/v2\/media?parent=4379"}],"wp:term":[{"taxonomy":"product_brand","embeddable":true,"href":"https:\/\/travellocal.com.tn\/fr\/wp-json\/wp\/v2\/product_brand?post=4379"},{"taxonomy":"product_cat","embeddable":true,"href":"https:\/\/travellocal.com.tn\/fr\/wp-json\/wp\/v2\/product_cat?post=4379"},{"taxonomy":"product_tag","embeddable":true,"href":"https:\/\/travellocal.com.tn\/fr\/wp-json\/wp\/v2\/product_tag?post=4379"}],"curies":[{"name":"wp","href":"https:\/\/api.w.org\/{rel}","templated":true}]}}