{"id":4376,"date":"2022-08-09T02:27:05","date_gmt":"2022-08-09T02:27:05","guid":{"rendered":"https:\/\/travellocal.com.tn\/?post_type=product&#038;p=4376"},"modified":"2026-04-12T20:48:13","modified_gmt":"2026-04-12T20:48:13","slug":"half-day-carthage-medina-private-tour","status":"publish","type":"product","link":"https:\/\/travellocal.com.tn\/fr\/produit\/half-day-carthage-medina-private-tour\/","title":{"rendered":"Half-Day Carthage &#038; Medina Private Tour"},"content":{"rendered":"<h3 data-section-id=\"vqlvg1\" data-start=\"268\" data-end=\"289\">Aper\u00e7u de la visite<\/h3>\n<p data-start=\"291\" data-end=\"510\">D\u00e9couvrez deux des sites historiques les plus embl\u00e9matiques de Tunisie en seulement une demi-journ\u00e9e. Cette visite priv\u00e9e vous emm\u00e8ne aux vestiges antiques de Carthage et \u00e0 la m\u00e9dina anim\u00e9e de Tunis, tous deux inscrits au patrimoine mondial de l'UNESCO.<\/p>\n<p data-start=\"512\" data-end=\"666\">Gr\u00e2ce \u00e0 un transport confortable et \u00e0 un guide local comp\u00e9tent, profitez d'une exp\u00e9rience enrichissante et sans encombre, plac\u00e9e sous le signe de l'histoire, de la culture et de paysages inoubliables.<\/p>","protected":false},"excerpt":{"rendered":"<ul>\n<li>During the tour, you will be taken to the most precious monuments of the city\u2019s rich history<\/li>\n<\/ul>","protected":false},"featured_media":9596,"comment_status":"open","ping_status":"closed","template":"","meta":[],"product_brand":[],"product_cat":[48],"product_tag":[],"class_list":{"0":"post-4376","1":"product","2":"type-product","3":"status-publish","4":"has-post-thumbnail","6":"product_cat-tours","8":"first","9":"instock","10":"shipping-taxable","11":"purchasable","12":"product-type-ovabrw_car_rental"},"_links":{"self":[{"href":"https:\/\/travellocal.com.tn\/fr\/wp-json\/wp\/v2\/product\/4376","targetHints":{"allow":["GET"]}}],"collection":[{"href":"https:\/\/travellocal.com.tn\/fr\/wp-json\/wp\/v2\/product"}],"about":[{"href":"https:\/\/travellocal.com.tn\/fr\/wp-json\/wp\/v2\/types\/product"}],"replies":[{"embeddable":true,"href":"https:\/\/travellocal.com.tn\/fr\/wp-json\/wp\/v2\/comments?post=4376"}],"wp:featuredmedia":[{"embeddable":true,"href":"https:\/\/travellocal.com.tn\/fr\/wp-json\/wp\/v2\/media\/9596"}],"wp:attachment":[{"href":"https:\/\/travellocal.com.tn\/fr\/wp-json\/wp\/v2\/media?parent=4376"}],"wp:term":[{"taxonomy":"product_brand","embeddable":true,"href":"https:\/\/travellocal.com.tn\/fr\/wp-json\/wp\/v2\/product_brand?post=4376"},{"taxonomy":"product_cat","embeddable":true,"href":"https:\/\/travellocal.com.tn\/fr\/wp-json\/wp\/v2\/product_cat?post=4376"},{"taxonomy":"product_tag","embeddable":true,"href":"https:\/\/travellocal.com.tn\/fr\/wp-json\/wp\/v2\/product_tag?post=4376"}],"curies":[{"name":"wp","href":"https:\/\/api.w.org\/{rel}","templated":true}]}}