{"id":4220,"date":"2022-08-04T08:13:51","date_gmt":"2022-08-04T08:13:51","guid":{"rendered":"https:\/\/travellocal.com.tn\/?post_type=product&#038;p=4220"},"modified":"2026-04-12T20:49:12","modified_gmt":"2026-04-12T20:49:12","slug":"private-day-trip-to-dougga-bulla-regia-via-testour","status":"publish","type":"product","link":"https:\/\/travellocal.com.tn\/fr\/produit\/private-day-trip-to-dougga-bulla-regia-via-testour\/","title":{"rendered":"Excursion priv\u00e9e d'une journ\u00e9e \u00e0 Dougga et Bulla Regia via Testour"},"content":{"rendered":"<h2 data-section-id=\"ys4t7q\" data-start=\"268\" data-end=\"289\">D\u00e9tails de la visite<\/h2>\n<p data-start=\"290\" data-end=\"477\" class=\"translation-block\">Remontez le temps avec <strong data-start=\"313\" data-end=\"336\">TravelLocal Tunisia<\/strong> lors de cette excursion priv\u00e9e d'une journ\u00e9e compl\u00e8te \u00e0 <strong data-start=\"370\" data-end=\"380\">Dougga<\/strong>, <strong data-start=\"382\" data-end=\"393\">Testour<\/strong> et <strong data-start=\"399\" data-end=\"414\">Bulla Regia<\/strong> \u2014 trois des destinations historiques les plus fascinantes de Tunisie.<\/p>\n<p data-start=\"479\" data-end=\"765\" class=\"translation-block\">Perch\u00e9e sur des collines pittoresques, Dougga est l'une des villes romaines les mieux pr\u00e9serv\u00e9es d'Afrique du Nord, offrant des panoramas \u00e0 couper le souffle et une architecture antique remarquable. \u00c0 l'origine un village numide avant la domination romaine, elle connut son apog\u00e9e sous le roi Massinissa et devint par la suite une ville romaine florissante.<\/p>\n<p data-start=\"767\" data-end=\"1011\" class=\"translation-block\">Poursuivez votre voyage jusqu'\u00e0 <strong data-start=\"792\" data-end=\"807\">Bulla Regia<\/strong>, un site arch\u00e9ologique unique, c\u00e9l\u00e8bre pour ses extraordinaires villas souterraines. Ces habitations semi-enterr\u00e9es \u00e9taient con\u00e7ues pour prot\u00e9ger leurs habitants des intemp\u00e9ries, faisant de cette cit\u00e9 un lieu v\u00e9ritablement unique en son genre.<\/p>\n<h2 data-section-id=\"wemt3m\" data-start=\"1018\" data-end=\"1038\">Points forts de la tourn\u00e9e<\/h2>\n<ul data-start=\"1040\" data-end=\"1658\">\n<li data-section-id=\"16crve1\" data-start=\"1040\" data-end=\"1164\" class=\"translation-block\"><strong data-start=\"1046\" data-end=\"1064\">Explorez Dougga<\/strong> \u2013 D\u00e9couvrez l'impressionnant th\u00e9\u00e2tre romain, les temples, les zones r\u00e9sidentielles et les magnifiques thermes liciniens.<\/li>\n<li data-section-id=\"1ikpk0k\" data-start=\"1165\" data-end=\"1283\" class=\"translation-block\">Route panoramique via Testour \u2013 Profitez de magnifiques paysages de campagne et explorez une ville au riche patrimoine andalou.<\/li>\n<li data-section-id=\"hurnyv\" data-start=\"1284\" data-end=\"1389\" class=\"translation-block\"><strong data-start=\"1289\" data-end=\"1313\">La Grande Mosqu\u00e9e de Testour<\/strong> \u2013 Visitez cette mosqu\u00e9e unique, c\u00e9l\u00e8bre pour son horloge atypique aux aiguilles invers\u00e9es.<\/li>\n<li data-section-id=\"ivgeyk\" data-start=\"1390\" data-end=\"1494\" class=\"translation-block\"><strong data-start=\"1501\" data-end=\"1525\">D\u00e9jeuner local facultatif<\/strong> \u2013 Go\u00fbtez \u00e0 la cuisine tunisienne authentique (facultatif)<\/li>\n<li data-section-id=\"aletrm\" data-start=\"1495\" data-end=\"1573\"><strong data-start=\"1501\" data-end=\"1525\">Optional Local Lunch<\/strong> \u2013 Taste authentic Tunisian cuisine (optional)<\/li>\n<li data-section-id=\"bwcgd2\" data-start=\"1574\" data-end=\"1658\" class=\"translation-block\"><strong data-start=\"1580\" data-end=\"1610\">Tous les frais d'entr\u00e9e sont inclus<\/strong> \u2013 Profitez d'une exp\u00e9rience fluide et sans tracas<\/li>\n<\/ul>","protected":false},"excerpt":{"rendered":"<ul>\n<li>The Caucasus Mountains are a mountain range at the intersection of Asia and Europe<\/li>\n<\/ul>","protected":false},"featured_media":9636,"comment_status":"open","ping_status":"closed","template":"","meta":[],"product_brand":[],"product_cat":[43],"product_tag":[],"class_list":{"0":"post-4220","1":"product","2":"type-product","3":"status-publish","4":"has-post-thumbnail","6":"product_cat-excursion","8":"first","9":"instock","10":"featured","11":"shipping-taxable","12":"purchasable","13":"product-type-ovabrw_car_rental"},"_links":{"self":[{"href":"https:\/\/travellocal.com.tn\/fr\/wp-json\/wp\/v2\/product\/4220","targetHints":{"allow":["GET"]}}],"collection":[{"href":"https:\/\/travellocal.com.tn\/fr\/wp-json\/wp\/v2\/product"}],"about":[{"href":"https:\/\/travellocal.com.tn\/fr\/wp-json\/wp\/v2\/types\/product"}],"replies":[{"embeddable":true,"href":"https:\/\/travellocal.com.tn\/fr\/wp-json\/wp\/v2\/comments?post=4220"}],"wp:featuredmedia":[{"embeddable":true,"href":"https:\/\/travellocal.com.tn\/fr\/wp-json\/wp\/v2\/media\/9636"}],"wp:attachment":[{"href":"https:\/\/travellocal.com.tn\/fr\/wp-json\/wp\/v2\/media?parent=4220"}],"wp:term":[{"taxonomy":"product_brand","embeddable":true,"href":"https:\/\/travellocal.com.tn\/fr\/wp-json\/wp\/v2\/product_brand?post=4220"},{"taxonomy":"product_cat","embeddable":true,"href":"https:\/\/travellocal.com.tn\/fr\/wp-json\/wp\/v2\/product_cat?post=4220"},{"taxonomy":"product_tag","embeddable":true,"href":"https:\/\/travellocal.com.tn\/fr\/wp-json\/wp\/v2\/product_tag?post=4220"}],"curies":[{"name":"wp","href":"https:\/\/api.w.org\/{rel}","templated":true}]}}