{"id":4211,"date":"2022-08-04T07:03:04","date_gmt":"2022-08-04T07:03:04","guid":{"rendered":"https:\/\/travellocal.com.tn\/?post_type=product&#038;p=4211"},"modified":"2026-04-12T20:50:44","modified_gmt":"2026-04-12T20:50:44","slug":"private-day-trip-to-kairouan-el-jem","status":"publish","type":"product","link":"https:\/\/travellocal.com.tn\/fr\/produit\/private-day-trip-to-kairouan-el-jem\/","title":{"rendered":"Excursion priv\u00e9e d'une journ\u00e9e \u00e0 Kairouan et El Jem"},"content":{"rendered":"<h2 data-section-id=\"ys4t7q\" data-start=\"239\" data-end=\"260\">D\u00e9tails de la visite<\/h2>\n<p data-start=\"261\" data-end=\"406\" class=\"translation-block\">D\u00e9couvrez le c\u0153ur spirituel et historique de la Tunisie avec <strong data-start=\"321\" data-end=\"344\">TravelLocal Tunisia<\/strong> lors de cette excursion priv\u00e9e d'une journ\u00e9e compl\u00e8te \u00e0 <strong data-start=\"378\" data-end=\"390\">Kairouan<\/strong> et <strong data-start=\"395\" data-end=\"405\">El Jem<\/strong>.<\/p>\n<p data-start=\"408\" data-end=\"663\" class=\"translation-block\">Explorez Kairouan, la quatri\u00e8me ville sainte de l'islam, r\u00e9put\u00e9e pour son riche patrimoine, ses mosqu\u00e9es magnifiques et ses profondes traditions culturelles. Visitez les impressionnants bassins aghlabides, l'embl\u00e9matique Grande Mosqu\u00e9e d'Uqba et le superbe sanctuaire de Sidi Sahbi.<\/p>\n<p data-start=\"665\" data-end=\"842\" class=\"translation-block\">Poursuivez votre voyage vers <strong data-start=\"690\" data-end=\"700\">El Jem<\/strong>, qui abrite l'un des monuments romains les plus remarquables au monde : un amphith\u00e9\u00e2tre massif qui refl\u00e8te la grandeur de l'Afrique romaine antique.<\/p>\n<p data-start=\"844\" data-end=\"940\">Ce circuit combine \u00e0 la perfection le patrimoine islamique et l'histoire romaine pour une exp\u00e9rience inoubliable.<\/p>\n<h2 data-section-id=\"wemt3m\" data-start=\"947\" data-end=\"967\">Points forts de la tourn\u00e9e<\/h2>\n<ul data-start=\"969\" data-end=\"1739\">\n<li data-section-id=\"1vvdf79\" data-start=\"969\" data-end=\"1065\" class=\"translation-block\"><strong data-start=\"974\" data-end=\"995\">Patrimoine de Kairouan<\/strong> \u2013 D\u00e9couvrez l'une des villes les plus saintes de l'Islam et ses sites historiques<\/li>\n<li data-section-id=\"1slgxly\" data-start=\"1066\" data-end=\"1166\" class=\"translation-block\"><strong data-start=\"1071\" data-end=\"1090\">Bassins aghlabides<\/strong> \u2013 D\u00e9couvrez l'un des syst\u00e8mes hydrauliques les plus impressionnants du monde m\u00e9di\u00e9val<\/li>\n<li data-section-id=\"11l4nqb\" data-start=\"1167\" data-end=\"1241\" class=\"translation-block\">Grande Mosqu\u00e9e d'Uqba \u2013 Visitez la plus ancienne mosqu\u00e9e d'Afrique du Nord<\/li>\n<li data-section-id=\"l8pgyl\" data-start=\"1242\" data-end=\"1342\" class=\"translation-block\"><strong data-start=\"1247\" data-end=\"1268\">Sanctuaire de Sidi Sahbi<\/strong> \u2013 Explorez un magnifique site religieux riche en traditions et en architecture<\/li>\n<li data-section-id=\"40cv7x\" data-start=\"1343\" data-end=\"1434\" class=\"translation-block\">M\u00e9dina de Kairouan \u2013 Fl\u00e2nez dans les march\u00e9s traditionnels et d\u00e9couvrez la culture locale<\/li>\n<li data-section-id=\"1wk0z71\" data-start=\"1435\" data-end=\"1547\" class=\"translation-block\"><strong data-start=\"1441\" data-end=\"1464\">Amphith\u00e9\u00e2tre El Jem<\/strong> \u2013 Explorez l'un des plus grands et des mieux conserv\u00e9s amphith\u00e9\u00e2tres romains au monde<\/li>\n<li data-section-id=\"f3dzq0\" data-start=\"1548\" data-end=\"1639\" class=\"translation-block\"><strong data-start=\"1554\" data-end=\"1580\">Exp\u00e9rience d\u00e9jeuner locale<\/strong> \u2013 Savourez une cuisine tunisienne authentique \u00e0 Kairouan ou \u00e0 El Jem<\/li>\n<li data-section-id=\"rsc7ng\" data-start=\"1640\" data-end=\"1739\" class=\"translation-block\"><strong data-start=\"1645\" data-end=\"1667\">Voyagez confortablement<\/strong> \u2013 D\u00e9tendez-vous dans un v\u00e9hicule climatis\u00e9 avec prise en charge et retour \u00e0 l'h\u00f4tel<\/li>\n<\/ul>","protected":false},"excerpt":{"rendered":"<ul>\n<li>It is almost impossible to read the news without coming across a lead story elections through fake social media accounts&#8230;<\/li>\n<\/ul>","protected":false},"featured_media":9641,"comment_status":"open","ping_status":"closed","template":"","meta":[],"product_brand":[],"product_cat":[43],"product_tag":[],"class_list":{"0":"post-4211","1":"product","2":"type-product","3":"status-publish","4":"has-post-thumbnail","6":"product_cat-excursion","8":"first","9":"instock","10":"shipping-taxable","11":"purchasable","12":"product-type-ovabrw_car_rental"},"_links":{"self":[{"href":"https:\/\/travellocal.com.tn\/fr\/wp-json\/wp\/v2\/product\/4211","targetHints":{"allow":["GET"]}}],"collection":[{"href":"https:\/\/travellocal.com.tn\/fr\/wp-json\/wp\/v2\/product"}],"about":[{"href":"https:\/\/travellocal.com.tn\/fr\/wp-json\/wp\/v2\/types\/product"}],"replies":[{"embeddable":true,"href":"https:\/\/travellocal.com.tn\/fr\/wp-json\/wp\/v2\/comments?post=4211"}],"wp:featuredmedia":[{"embeddable":true,"href":"https:\/\/travellocal.com.tn\/fr\/wp-json\/wp\/v2\/media\/9641"}],"wp:attachment":[{"href":"https:\/\/travellocal.com.tn\/fr\/wp-json\/wp\/v2\/media?parent=4211"}],"wp:term":[{"taxonomy":"product_brand","embeddable":true,"href":"https:\/\/travellocal.com.tn\/fr\/wp-json\/wp\/v2\/product_brand?post=4211"},{"taxonomy":"product_cat","embeddable":true,"href":"https:\/\/travellocal.com.tn\/fr\/wp-json\/wp\/v2\/product_cat?post=4211"},{"taxonomy":"product_tag","embeddable":true,"href":"https:\/\/travellocal.com.tn\/fr\/wp-json\/wp\/v2\/product_tag?post=4211"}],"curies":[{"name":"wp","href":"https:\/\/api.w.org\/{rel}","templated":true}]}}